{"id":25,"date":"2019-09-18T13:30:53","date_gmt":"2019-09-18T11:30:53","guid":{"rendered":"http:\/\/du-da.net\/?page_id=25"},"modified":"2023-11-20T17:48:22","modified_gmt":"2023-11-20T16:48:22","slug":"proyectos","status":"publish","type":"page","link":"https:\/\/du-da.net\/2574-2\/proyectos\/","title":{"rendered":"Proyectos"},"content":{"rendered":"\n<div class=\"wp-block-columns has-2-columns is-layout-flex wp-container-core-columns-is-layout-9d6595d7 wp-block-columns-is-layout-flex\">\n<div class=\"wp-block-column is-layout-flow wp-block-column-is-layout-flow\">\n<div style=\"height:146px\" aria-hidden=\"true\" class=\"wp-block-spacer\"><\/div>\n\n\n\n<div style=\"height:115px\" aria-hidden=\"true\" class=\"wp-block-spacer\"><\/div>\n\n\n\n<a href=\"http:\/\/du-da.net\/category\/aprendizajes-circulares\/\"><img loading=\"lazy\" decoding=\"async\" src=\"http:\/\/du-da.net\/wp-content\/uploads\/2019\/09\/circulares.png\" alt=\"\" class=\"wp-image-108\" width=\"172\" height=\"172\" srcset=\"https:\/\/du-da.net\/wp-content\/uploads\/2019\/09\/circulares.png 283w, https:\/\/du-da.net\/wp-content\/uploads\/2019\/09\/circulares-150x150.png 150w, https:\/\/du-da.net\/wp-content\/uploads\/2019\/09\/circulares-100x100.png 100w, https:\/\/du-da.net\/wp-content\/uploads\/2019\/09\/circulares-282x282.png 282w\" sizes=\"auto, (max-width: 172px) 100vw, 172px\" \/><\/a><figcaption><strong>HERA<\/strong> Aprendizajes circulares<\/figcaption>\n\n\n\n<div style=\"height:99px\" aria-hidden=\"true\" class=\"wp-block-spacer\"><\/div>\n\n\n\n<a href=\"http:\/\/du-da.net\/category\/pan-duro\/\"><img loading=\"lazy\" decoding=\"async\" src=\"http:\/\/du-da.net\/wp-content\/uploads\/2019\/09\/panduro.png\" alt=\"\" class=\"wp-image-105\" width=\"200\" height=\"200\" srcset=\"https:\/\/du-da.net\/wp-content\/uploads\/2019\/09\/panduro.png 283w, https:\/\/du-da.net\/wp-content\/uploads\/2019\/09\/panduro-150x150.png 150w, https:\/\/du-da.net\/wp-content\/uploads\/2019\/09\/panduro-100x100.png 100w, https:\/\/du-da.net\/wp-content\/uploads\/2019\/09\/panduro-282x282.png 282w\" sizes=\"auto, (max-width: 200px) 100vw, 200px\" \/><\/a><figcaption><strong>PAN DURO<\/strong><\/figcaption>\n\n\n\n<div style=\"height:103px\" aria-hidden=\"true\" class=\"wp-block-spacer\"><\/div>\n\n\n\n<a href=\"http:\/\/du-da.net\/category\/punteria-carino\/\"><img loading=\"lazy\" decoding=\"async\" src=\"http:\/\/du-da.net\/wp-content\/uploads\/2019\/09\/carino.png\" alt=\"\" class=\"wp-image-110\" width=\"210\" height=\"210\" srcset=\"https:\/\/du-da.net\/wp-content\/uploads\/2019\/09\/carino.png 283w, https:\/\/du-da.net\/wp-content\/uploads\/2019\/09\/carino-150x150.png 150w, https:\/\/du-da.net\/wp-content\/uploads\/2019\/09\/carino-100x100.png 100w, https:\/\/du-da.net\/wp-content\/uploads\/2019\/09\/carino-282x282.png 282w\" sizes=\"auto, (max-width: 210px) 100vw, 210px\" \/><\/a><figcaption><strong>PUNTER\u00cdA Y CARI\u00d1O<\/strong><\/figcaption>\n\n\n\n<div style=\"height:115px\" aria-hidden=\"true\" class=\"wp-block-spacer\"><\/div>\n\n\n\n<a href=\"http:\/\/du-da.net\/category\/derivas\/\"><img loading=\"lazy\" decoding=\"async\" src=\"http:\/\/du-da.net\/wp-content\/uploads\/2020\/06\/deriva.png\" alt=\"\" class=\"wp-image-1441\" width=\"242\" height=\"242\" srcset=\"https:\/\/du-da.net\/wp-content\/uploads\/2020\/06\/deriva.png 283w, https:\/\/du-da.net\/wp-content\/uploads\/2020\/06\/deriva-150x150.png 150w, https:\/\/du-da.net\/wp-content\/uploads\/2020\/06\/deriva-100x100.png 100w, https:\/\/du-da.net\/wp-content\/uploads\/2020\/06\/deriva-282x282.png 282w\" sizes=\"auto, (max-width: 242px) 100vw, 242px\" \/><\/a><figcaption><strong>Derivas<\/strong> Cachorras movi\u00e9ndose<\/figcaption>\n\n\n\n<p><\/p>\n<\/div>\n\n\n\n<div class=\"wp-block-column is-layout-flow wp-block-column-is-layout-flow\">\n<div style=\"height:148px\" aria-hidden=\"true\" class=\"wp-block-spacer\"><\/div>\n\n\n\n<a href=\"http:\/\/du-da.net\/category\/mediums\/\"><img loading=\"lazy\" decoding=\"async\" src=\"http:\/\/du-da.net\/wp-content\/uploads\/2021\/05\/mediums.png\" alt=\"\" class=\"wp-image-1761\" width=\"208\" height=\"208\" srcset=\"https:\/\/du-da.net\/wp-content\/uploads\/2021\/05\/mediums.png 283w, https:\/\/du-da.net\/wp-content\/uploads\/2021\/05\/mediums-150x150.png 150w, https:\/\/du-da.net\/wp-content\/uploads\/2021\/05\/mediums-100x100.png 100w, https:\/\/du-da.net\/wp-content\/uploads\/2021\/05\/mediums-282x282.png 282w\" sizes=\"auto, (max-width: 208px) 100vw, 208px\" \/><\/a><figcaption><strong>M\u00c9DIUMS<\/strong> Exploraciones sobre lo invisible<\/figcaption>\n\n\n\n<div style=\"height:148px\" aria-hidden=\"true\" class=\"wp-block-spacer\"><\/div>\n\n\n\n<a href=\"http:\/\/du-da.net\/category\/puaj\/\"><img loading=\"lazy\" decoding=\"async\" src=\"http:\/\/du-da.net\/wp-content\/uploads\/2019\/09\/puaj.png\" alt=\"\" class=\"wp-image-106\" width=\"203\" height=\"203\" srcset=\"https:\/\/du-da.net\/wp-content\/uploads\/2019\/09\/puaj.png 283w, https:\/\/du-da.net\/wp-content\/uploads\/2019\/09\/puaj-150x150.png 150w, https:\/\/du-da.net\/wp-content\/uploads\/2019\/09\/puaj-100x100.png 100w, https:\/\/du-da.net\/wp-content\/uploads\/2019\/09\/puaj-282x282.png 282w\" sizes=\"auto, (max-width: 203px) 100vw, 203px\" \/><\/a><figcaption><strong>PUAJ!<\/strong> Laboratorio de culturas vivas<\/figcaption>\n\n\n\n<div style=\"height:157px\" aria-hidden=\"true\" class=\"wp-block-spacer\"><\/div>\n\n\n\n<a href=\"http:\/\/du-da.net\/category\/marti-culiz\/\"><img loading=\"lazy\" decoding=\"async\" src=\"http:\/\/du-da.net\/wp-content\/uploads\/2019\/09\/marti.png\" alt=\"\" class=\"wp-image-109\" width=\"210\" height=\"210\" srcset=\"https:\/\/du-da.net\/wp-content\/uploads\/2019\/09\/marti.png 283w, https:\/\/du-da.net\/wp-content\/uploads\/2019\/09\/marti-150x150.png 150w, https:\/\/du-da.net\/wp-content\/uploads\/2019\/09\/marti-100x100.png 100w, https:\/\/du-da.net\/wp-content\/uploads\/2019\/09\/marti-282x282.png 282w\" sizes=\"auto, (max-width: 210px) 100vw, 210px\" \/><\/a><figcaption><strong>MARTI CULIZ<\/strong> Editorial<\/figcaption>\n\n\n\n<div style=\"height:88px\" aria-hidden=\"true\" class=\"wp-block-spacer\"><\/div>\n\n\n\n<a href=\"http:\/\/du-da.net\/category\/segunda-duna\/\"><img loading=\"lazy\" decoding=\"async\" src=\"http:\/\/du-da.net\/wp-content\/uploads\/2019\/09\/segundaduna.png\" alt=\"\" class=\"wp-image-189\" width=\"241\" height=\"107\" srcset=\"https:\/\/du-da.net\/wp-content\/uploads\/2019\/09\/segundaduna.png 283w, https:\/\/du-da.net\/wp-content\/uploads\/2019\/09\/segundaduna-282x126.png 282w\" sizes=\"auto, (max-width: 241px) 100vw, 241px\" \/><\/a><figcaption><strong>LA SEGUNDA DUNA<\/strong><\/figcaption>\n<\/div>\n<\/div>\n","protected":false},"excerpt":{"rendered":"<p>HERA Aprendizajes circularesPAN DUROPUNTER\u00cdA Y CARI\u00d1ODerivas Cachorras movi\u00e9ndose M\u00c9DIUMS Exploraciones sobre lo invisiblePUAJ! Laboratorio de culturas vivasMARTI CULIZ EditorialLA SEGUNDA&#8230;<\/p>\n","protected":false},"author":1,"featured_media":0,"parent":0,"menu_order":0,"comment_status":"closed","ping_status":"closed","template":"","meta":{"footnotes":""},"class_list":["post-25","page","type-page","status-publish","hentry"],"acf":[],"_links":{"self":[{"href":"https:\/\/du-da.net\/2574-2\/wp-json\/wp\/v2\/pages\/25","targetHints":{"allow":["GET"]}}],"collection":[{"href":"https:\/\/du-da.net\/2574-2\/wp-json\/wp\/v2\/pages"}],"about":[{"href":"https:\/\/du-da.net\/2574-2\/wp-json\/wp\/v2\/types\/page"}],"author":[{"embeddable":true,"href":"https:\/\/du-da.net\/2574-2\/wp-json\/wp\/v2\/users\/1"}],"replies":[{"embeddable":true,"href":"https:\/\/du-da.net\/2574-2\/wp-json\/wp\/v2\/comments?post=25"}],"version-history":[{"count":71,"href":"https:\/\/du-da.net\/2574-2\/wp-json\/wp\/v2\/pages\/25\/revisions"}],"predecessor-version":[{"id":2632,"href":"https:\/\/du-da.net\/2574-2\/wp-json\/wp\/v2\/pages\/25\/revisions\/2632"}],"wp:attachment":[{"href":"https:\/\/du-da.net\/2574-2\/wp-json\/wp\/v2\/media?parent=25"}],"curies":[{"name":"wp","href":"https:\/\/api.w.org\/{rel}","templated":true}]}}