{"id":2,"date":"2019-09-10T13:08:45","date_gmt":"2019-09-10T11:08:45","guid":{"rendered":"http:\/\/du-da.net\/?page_id=2"},"modified":"2026-02-01T14:55:15","modified_gmt":"2026-02-01T13:55:15","slug":"nosotras","status":"publish","type":"page","link":"https:\/\/du-da.net\/2574-2\/nosotras\/","title":{"rendered":"Nosotras"},"content":{"rendered":"\n<figure class=\"wp-block-image size-large\"><img loading=\"lazy\" decoding=\"async\" width=\"100\" height=\"100\" src=\"http:\/\/du-da.net\/wp-content\/uploads\/2019\/09\/home_p.gif\" alt=\"\" class=\"wp-image-54\"\/><\/figure>\n\n\n\n<p>DU-DA es un colectivo que lleva a cabo proyectos de mediaci\u00f3n, investigaci\u00f3n y creaci\u00f3n art\u00edstica, as\u00ed como de comisariado y producci\u00f3n cultural.<\/p>\n\n\n\n<p>Todos <a href=\"https:\/\/du-da.net\/category\/talleres\/\" data-type=\"link\" data-id=\"https:\/\/du-da.net\/category\/talleres\/\"><strong>nuestros proyectos art\u00edsticos<\/strong><\/a> tienen un componente relacional, activan procesos colectivos y frecuentemente sintonizan con sensibilidades que tambi\u00e9n son cr\u00edticas con las estructuras de poder hegem\u00f3nicas. Nos hacemos preguntas sobre nuestros modos de co-habitar para imaginar otros presentes-futuros posibles.<\/p>\n\n\n\n<p>Hemos recibido el apoyo de la Fundaci\u00f3n Daniel y Nina Carasso 2024-2025 para nuestra l\u00ednea de investigaci\u00f3n <a href=\"https:\/\/du-da.net\/category\/morir-guay\/\">Morir Guay <\/a>con el proyecto<a href=\"http:\/\/du-da.net\/morir-guay\/aprendizajes-colectivos-para-redisenar-la-muerte\/\"> <em>Aprendizajes colectivos para redise\u00f1ar la muerte<\/em><\/a> as\u00ed como la beca del OSIC 2024. En 2023 recibimos la beca CREA 2023 por<em> I eat the stars<\/em>; la beca BKFMACBA 2022 por<a href=\"http:\/\/du-da.net\/non-classe\/el-ultimo-aliento\/\"> <em>El \u00faltimo aliento<\/em><\/a>; la beca Barcelona Producci\u00f3 2021 por<a href=\"http:\/\/du-da.net\/morir-guay\/morir-guay-en-la-capella\/\"> <em>Morir guay: Rituales de Transici\u00f3n<\/em><\/a>; la beca del UNZIP en la modalidad de Arte y Educaci\u00f3n 2020 por<a href=\"http:\/\/du-da.net\/textos\/libro-mediums-una-exploracion-colectiva-sobre-lo-invisible-en-el-prat\/\"> <em>M\u00e9diums: una exploraci\u00f3n colectiva sobre lo invisible<\/em><\/a>; y la beca de investigaci\u00f3n de la Escocesa 2020 por<a href=\"http:\/\/du-da.net\/morir-guay\/morir-guay-en-la-escocesa\/\"> <em>Morir guay: Voces y relatos para no tener miedo<\/em><\/a>.&nbsp; As\u00ed mismo, hemos expuesto en el Centro de Artes Santa Monica en 2024 con la instalaci\u00f3n \u2019<a href=\"https:\/\/du-da.net\/morir-guay\/tu-cuerpo-la-ofrenda-de-la-planta-la-fiesta\/\">Tu cuerpo la ofrenda, de la planta, la fiesta<\/a>\u2019 y en el CC Bar\u00f3 de Viver, CC Navas i CC La Casa Elizalde dentro del programa Temporals 2025 con \u2018<a href=\"https:\/\/du-da.net\/morir-guay\/de-esta-carne-naceran-flores\/\">De esta carne nacer\u00e1n flores<\/a>\u2019, y hemos participado con nuestros proyectos en el MACBA (Barcelona), el CCCB(Barcelona), La Capella (Barcelona), El Graner (Barcelona), Casa Encendida (Madrid), Matadero (Madrid), Tabakalera (Donosti), La Mutant(Valencia), CEAC (Estrasburgo) entre otros.<\/p>\n\n\n\n<p>En el \u00e1mbito del <a href=\"https:\/\/du-da.net\/category\/programacion\/\" data-type=\"link\" data-id=\"https:\/\/du-da.net\/category\/programacion\/\"><strong>comisariado y la producci\u00f3n cultural<\/strong> <\/a>hemos trabajado para el Ayuntamiento de Barcelona, el Centro LGTBI de Barcelona, Hangar, La Escocesa, LR3 entre otros.&nbsp;<\/p>\n\n\n\n<p><strong>Nosotras<\/strong><\/p>\n\n\n\n<p>DU-DA est\u00e1 actualmente formado por <strong>Sarai Cumplido<\/strong>, <strong>Clara Piazuelo<\/strong> y <strong>Mar Sureda.<\/strong> Co-fundado en 2019 junto a<a href=\"https:\/\/belensoto.com\/\"> <\/a>Belen Soto y Sonia G. Villar. Contamos adem\u00e1s con diferentes colaboradores\/as para cada proyecto: Helga Juarez, Merche Blasco, Dora Maarz, Sarafina Landis, Neuronalab, La Poderosa, Jordi Miralles.<\/p>\n\n\n\n<div class=\"wp-block-columns is-layout-flex wp-container-core-columns-is-layout-9d6595d7 wp-block-columns-is-layout-flex\">\n<div class=\"wp-block-column is-layout-flow wp-block-column-is-layout-flow\" style=\"flex-basis:100%\"><div class=\"wp-block-image\">\n<figure class=\"alignleft size-large is-resized\"><img loading=\"lazy\" decoding=\"async\" width=\"400\" height=\"400\" src=\"http:\/\/du-da.net\/wp-content\/uploads\/2019\/09\/Sarai-e1569857636155.jpg\" alt=\"\" class=\"wp-image-263\" style=\"width:284px;height:284px\" srcset=\"https:\/\/du-da.net\/wp-content\/uploads\/2019\/09\/Sarai-e1569857636155.jpg 400w, https:\/\/du-da.net\/wp-content\/uploads\/2019\/09\/Sarai-e1569857636155-150x150.jpg 150w, https:\/\/du-da.net\/wp-content\/uploads\/2019\/09\/Sarai-e1569857636155-300x300.jpg 300w, https:\/\/du-da.net\/wp-content\/uploads\/2019\/09\/Sarai-e1569857636155-100x100.jpg 100w, https:\/\/du-da.net\/wp-content\/uploads\/2019\/09\/Sarai-e1569857636155-282x282.jpg 282w\" sizes=\"auto, (max-width: 400px) 100vw, 400px\" \/><figcaption class=\"wp-element-caption\"><strong>Sarai Cumplido \/ <\/strong>sarai(at)du-da.ne<strong>t<\/strong><\/figcaption><\/figure><\/div>\n\n\n<p>Tiendo a situarme en procesos de trabajo que implican interconexiones con el contexto. Me interesan las pr\u00e1cticas que se construyen desde la trasferencia de conocimiento y desde la otredad y que cuestionan el l\u00edmite de lo cultural y de la experticia. Soy Graduada en Cine y medios audiovisuales, me interesan los mecanismos del mirar y las guaridas que acontecen en los procesos de observaci\u00f3n con la c\u00e1mara.<\/p>\n\n\n\n<p><strong><a href=\"http:\/\/du-da.net\/non-classe\/sarai-cumplido\/\" target=\"_blank\" rel=\"noreferrer noopener\">+info y cv<\/a><\/strong><\/p>\n<\/div>\n<\/div>\n\n\n\n<div class=\"wp-block-columns is-layout-flex wp-container-core-columns-is-layout-9d6595d7 wp-block-columns-is-layout-flex\">\n<div class=\"wp-block-column is-layout-flow wp-block-column-is-layout-flow\" style=\"flex-basis:100%\">\n<div class=\"wp-block-group\"><div class=\"wp-block-group__inner-container is-layout-flow wp-block-group-is-layout-flow\">\n<div class=\"wp-block-columns is-layout-flex wp-container-core-columns-is-layout-9d6595d7 wp-block-columns-is-layout-flex\">\n<div class=\"wp-block-column is-layout-flow wp-block-column-is-layout-flow\" style=\"flex-basis:100%\">\n<div class=\"wp-block-group\"><div class=\"wp-block-group__inner-container is-layout-flow wp-block-group-is-layout-flow\">\n<figure class=\"wp-block-image alignleft size-large is-resized\"><img loading=\"lazy\" decoding=\"async\" width=\"280\" height=\"280\" class=\"wp-image-2202\" style=\"width: 280px;\" src=\"http:\/\/du-da.net\/wp-content\/uploads\/2023\/08\/clarapiazuelo-edited.jpg\" alt=\"\" srcset=\"https:\/\/du-da.net\/wp-content\/uploads\/2023\/08\/clarapiazuelo-edited.jpg 570w, https:\/\/du-da.net\/wp-content\/uploads\/2023\/08\/clarapiazuelo-edited-300x300.jpg 300w, https:\/\/du-da.net\/wp-content\/uploads\/2023\/08\/clarapiazuelo-edited-150x150.jpg 150w, https:\/\/du-da.net\/wp-content\/uploads\/2023\/08\/clarapiazuelo-edited-100x100.jpg 100w, https:\/\/du-da.net\/wp-content\/uploads\/2023\/08\/clarapiazuelo-edited-282x282.jpg 282w, https:\/\/du-da.net\/wp-content\/uploads\/2023\/08\/clarapiazuelo-edited-500x500.jpg 500w\" sizes=\"auto, (max-width: 280px) 100vw, 280px\" \/><figcaption class=\"wp-element-caption\"><strong>Clara Piazuelo<\/strong> \/ clara(at)du-da.net<\/figcaption><\/figure>\n<\/div><\/div>\n\n\n\n<p>Mi pr\u00e1ctica te\u00f3rica y art\u00edstica se sit\u00faa en la intersecci\u00f3n entre la palabra y el cuerpo. Me interesa la textualidad en tanto pueda devenir alquimia, la po\u00e9tica encarnada como herramienta para desprogramar nuestro binarismo ontol\u00f3gico. En 2020 publiqu\u00e9 mi primera novela, <a href=\"https:\/\/www.edicionesenelmar.com\/producto\/ano-del-caballo-clara-piazuelo\/\"><em>A\u00f1o del caballo<\/em><\/a> con <a href=\"https:\/\/www.edicionesenelmar.com\/\">ediciones en el mar<\/a>. <\/p>\n\n\n\n<p><a href=\"http:\/\/du-da.net\/non-classe\/clara-piazuelo\/\"><strong>+ info y cv<\/strong><\/a><\/p>\n<\/div>\n<\/div>\n<\/div><\/div>\n<\/div>\n<\/div>\n\n\n\n<div class=\"wp-block-columns is-layout-flex wp-container-core-columns-is-layout-9d6595d7 wp-block-columns-is-layout-flex\">\n<div class=\"wp-block-column is-layout-flow wp-block-column-is-layout-flow\" style=\"flex-basis:50%\">\n<figure class=\"wp-block-image size-large\"><img loading=\"lazy\" decoding=\"async\" width=\"999\" height=\"1024\" src=\"https:\/\/du-da.net\/wp-content\/uploads\/2026\/01\/Captura-de-pantalla-2026-01-29-a-las-20.51.30-3-999x1024.png\" alt=\"\" class=\"wp-image-3602\" srcset=\"https:\/\/du-da.net\/wp-content\/uploads\/2026\/01\/Captura-de-pantalla-2026-01-29-a-las-20.51.30-3-999x1024.png 999w, https:\/\/du-da.net\/wp-content\/uploads\/2026\/01\/Captura-de-pantalla-2026-01-29-a-las-20.51.30-3-293x300.png 293w, https:\/\/du-da.net\/wp-content\/uploads\/2026\/01\/Captura-de-pantalla-2026-01-29-a-las-20.51.30-3-768x787.png 768w, https:\/\/du-da.net\/wp-content\/uploads\/2026\/01\/Captura-de-pantalla-2026-01-29-a-las-20.51.30-3.png 1118w\" sizes=\"auto, (max-width: 999px) 100vw, 999px\" \/><\/figure>\n\n\n\n<p><strong>Mar Sureda<\/strong> \/ mar(at)du-da.net<\/p>\n<\/div>\n\n\n\n<div class=\"wp-block-column is-layout-flow wp-block-column-is-layout-flow\" style=\"flex-basis:100%\">\n<p>En mi pr\u00e1ctica se enredan las alfabetizaciones art\u00edsticas, las ontolog\u00edas relacionales, la ficci\u00f3n especulativa y las pedagog\u00edas insurgentes. Exploro ecolog\u00edas del cuidado que desborden los l\u00edmites entre aula, museo y territorio. Estudi\u00e9 Bellas Artes y soy doctora en Artes, Educaci\u00f3n y Pol\u00edticas Culturales. Investigo, escribo y trato de ense\u00f1ar e imaginar otras formas de estar juntas en el mundo.<\/p>\n\n\n\n<p><strong><a href=\"https:\/\/du-da.net\/2574-2\/non-classe\/mar-sureda\/\" data-type=\"link\" data-id=\"https:\/\/du-da.net\/2574-2\/non-classe\/mar-sureda\/\">+ info y cv<\/a><\/strong><\/p>\n<\/div>\n<\/div>\n\n\n\n<p><\/p>\n","protected":false},"excerpt":{"rendered":"<p>DU-DA es un colectivo que lleva a cabo proyectos de mediaci\u00f3n, investigaci\u00f3n y creaci\u00f3n art\u00edstica, as\u00ed como de comisariado y&#8230;<\/p>\n","protected":false},"author":1,"featured_media":0,"parent":0,"menu_order":0,"comment_status":"closed","ping_status":"open","template":"","meta":{"footnotes":""},"class_list":["post-2","page","type-page","status-publish","hentry"],"acf":[],"_links":{"self":[{"href":"https:\/\/du-da.net\/2574-2\/wp-json\/wp\/v2\/pages\/2","targetHints":{"allow":["GET"]}}],"collection":[{"href":"https:\/\/du-da.net\/2574-2\/wp-json\/wp\/v2\/pages"}],"about":[{"href":"https:\/\/du-da.net\/2574-2\/wp-json\/wp\/v2\/types\/page"}],"author":[{"embeddable":true,"href":"https:\/\/du-da.net\/2574-2\/wp-json\/wp\/v2\/users\/1"}],"replies":[{"embeddable":true,"href":"https:\/\/du-da.net\/2574-2\/wp-json\/wp\/v2\/comments?post=2"}],"version-history":[{"count":151,"href":"https:\/\/du-da.net\/2574-2\/wp-json\/wp\/v2\/pages\/2\/revisions"}],"predecessor-version":[{"id":3608,"href":"https:\/\/du-da.net\/2574-2\/wp-json\/wp\/v2\/pages\/2\/revisions\/3608"}],"wp:attachment":[{"href":"https:\/\/du-da.net\/2574-2\/wp-json\/wp\/v2\/media?parent=2"}],"curies":[{"name":"wp","href":"https:\/\/api.w.org\/{rel}","templated":true}]}}